{"id":12,"date":"2020-07-18T12:08:06","date_gmt":"2020-07-18T12:08:06","guid":{"rendered":"https:\/\/parafia.przybowka.pl\/?page_id=12"},"modified":"2026-03-23T22:02:02","modified_gmt":"2026-03-23T21:02:02","slug":"nowe-muzeum-sztuki-nowoczesnej-otwarlo-swoje-powoje","status":"publish","type":"page","link":"https:\/\/parafia.przybowka.pl\/","title":{"rendered":"Strona g\u0142\u00f3wna"},"content":{"rendered":"\n<div class=\"wp-block-columns alignwide is-layout-flex wp-container-core-columns-is-layout-9d6595d7 wp-block-columns-is-layout-flex\">\n<div class=\"wp-block-column is-layout-flow wp-block-column-is-layout-flow\">\n<div class=\"wp-block-group\"><div class=\"wp-block-group__inner-container is-layout-flow wp-block-group-is-layout-flow\">\n<figure class=\"wp-block-image alignfull size-full main-page-icons\"><a href=\"\/index.php\/category\/intencje\/\"><img decoding=\"async\" src=\"https:\/\/parafia.przybowka.pl\/wp-content\/uploads\/2020\/07\/intencje384.jpg\" alt=\"logo\" class=\"wp-image-37\"\/><\/a><\/figure>\n\n\n\n<h3 class=\"wp-block-heading has-text-align-center\">Intencje<\/h3>\n\n\n\n<div class=\"wp-block-button is-style-outline read-more aligncenter is-style-outline--1\"><a class=\"wp-block-button__link wp-element-button\" href=\"\/index.php\/category\/intencje\/\">Czytaj wi\u0119cej<\/a><\/div>\n<\/div><\/div>\n<\/div>\n\n\n\n<div class=\"wp-block-column is-layout-flow wp-block-column-is-layout-flow\">\n<div class=\"wp-block-group\"><div class=\"wp-block-group__inner-container is-layout-flow wp-block-group-is-layout-flow\">\n<figure class=\"wp-block-image alignfull size-full main-page-icons\"><a href=\"\/index.php\/category\/ogloszenia\/\"><img decoding=\"async\" src=\"https:\/\/parafia.przybowka.pl\/wp-content\/uploads\/2020\/07\/ogloszenia384.jpg\" alt=\"logo\" class=\"wp-image-37\"\/><\/a><\/figure>\n\n\n\n<h3 class=\"wp-block-heading has-text-align-center\">Og\u0142oszenia<\/h3>\n\n\n\n<div class=\"wp-block-button is-style-outline read-more aligncenter is-style-outline--2\"><a class=\"wp-block-button__link wp-element-button\" href=\"\/index.php\/category\/ogloszenia\/\">Czytaj wi\u0119cej<\/a><\/div>\n<\/div><\/div>\n<\/div>\n\n\n\n<div class=\"wp-block-column is-vertically-aligned-top is-layout-flow wp-block-column-is-layout-flow\">\n<div class=\"wp-block-group\"><div class=\"wp-block-group__inner-container is-layout-flow wp-block-group-is-layout-flow\">\n<figure class=\"wp-block-image alignfull size-full main-page-icons\"><a href=\"\/index.php\/msze\/\"><img decoding=\"async\" src=\"https:\/\/parafia.przybowka.pl\/wp-content\/uploads\/2020\/07\/msze384.jpg\" alt=\"logo\" class=\"wp-image-37\"\/><\/a><\/figure>\n\n\n\n<h3 class=\"wp-block-heading has-text-align-center\">Msze \u015bwi\u0119te<\/h3>\n\n\n\n<div class=\"wp-block-button is-style-outline read-more aligncenter is-style-outline--3\"><a class=\"wp-block-button__link wp-element-button\" href=\"\/index.php\/msze\/\">Czytaj wi\u0119cej<\/a><\/div>\n<\/div><\/div>\n<\/div>\n<\/div>\n\n\n\n<p><\/p>\n\n\n\n<h3 class=\"wp-block-heading\">Galerie fotografii w serwisie Pixieset<\/h3>\n\n\n\n<figure class=\"wp-block-image size-large is-resized main-page-icons\"><a href=\"https:\/\/parafiaprzybowka.pixieset.com\/\" target=\"_blank\" rel=\"noopener noreferrer\"><img loading=\"lazy\" decoding=\"async\" width=\"1024\" height=\"580\" src=\"https:\/\/parafia.przybowka.pl\/wp-content\/uploads\/2020\/09\/galeria_pixieset_logo-1024x580.jpg\" alt=\"\" class=\"wp-image-455\" style=\"width:auto;height:auto\" srcset=\"https:\/\/parafia.przybowka.pl\/wp-content\/uploads\/2020\/09\/galeria_pixieset_logo-1024x580.jpg 1024w, https:\/\/parafia.przybowka.pl\/wp-content\/uploads\/2020\/09\/galeria_pixieset_logo-300x170.jpg 300w, https:\/\/parafia.przybowka.pl\/wp-content\/uploads\/2020\/09\/galeria_pixieset_logo-768x435.jpg 768w, https:\/\/parafia.przybowka.pl\/wp-content\/uploads\/2020\/09\/galeria_pixieset_logo-1536x870.jpg 1536w, https:\/\/parafia.przybowka.pl\/wp-content\/uploads\/2020\/09\/galeria_pixieset_logo-2048x1160.jpg 2048w\" sizes=\"auto, (max-width: 1024px) 100vw, 1024px\" \/><\/a><\/figure>\n\n\n\n<div class=\"wp-block-columns is-layout-flex wp-container-core-columns-is-layout-9d6595d7 wp-block-columns-is-layout-flex\">\n<div class=\"wp-block-column is-layout-flow wp-block-column-is-layout-flow\">\n<h3 class=\"wp-block-heading has-text-align-center\">Galerie<br>zdj\u0119\u0107<\/h3>\n\n\n\n<div class=\"wp-block-buttons is-content-justification-center is-layout-flex wp-container-core-buttons-is-layout-16018d1d wp-block-buttons-is-layout-flex\">\n<div class=\"wp-block-button is-style-fill\"><a class=\"wp-block-button__link wp-element-button\" href=\"\/index.php\/o-parafii\/galerie-zdjec\" target=\"_blank\" rel=\"noreferrer noopener\">Czytaj wi\u0119cej&#8230;<\/a><\/div>\n<\/div>\n<\/div>\n\n\n\n<div class=\"wp-block-column is-layout-flow wp-block-column-is-layout-flow\">\n<h3 class=\"wp-block-heading has-text-align-center\">Akt<br>zawierzenia<\/h3>\n\n\n\n<div class=\"wp-block-buttons is-content-justification-center is-layout-flex wp-container-core-buttons-is-layout-16018d1d wp-block-buttons-is-layout-flex\">\n<div class=\"wp-block-button is-style-fill\"><a class=\"wp-block-button__link wp-element-button\" href=\"\/index.php\/informator\/akt-zawierzenia\" target=\"_blank\" rel=\"noreferrer noopener\">Czytaj wi\u0119cej&#8230;<\/a><\/div>\n<\/div>\n<\/div>\n\n\n\n<div class=\"wp-block-column is-layout-flow wp-block-column-is-layout-flow\">\n<h3 class=\"wp-block-heading has-text-align-center\">Ochrona<br>ma\u0142oletnich<\/h3>\n\n\n\n<div class=\"wp-block-buttons is-content-justification-center is-layout-flex wp-container-core-buttons-is-layout-16018d1d wp-block-buttons-is-layout-flex\">\n<div class=\"wp-block-button is-style-fill\"><a class=\"wp-block-button__link has-text-align-center wp-element-button\" href=\"\/index.php\/informator\/ochrona-maloletnich\" target=\"_blank\" rel=\"noreferrer noopener\">Czytaj wi\u0119cej&#8230;<\/a><\/div>\n<\/div>\n<\/div>\n<\/div>\n\n\n\n<style>\n    .vatican-news { padding: 0; padding-top: 20px; }\r\n.vanews-date { color:#828282; font-size: 0.7em; }\r\n.vnews-h-a { font-size: 0.82em; }<\/style>\n<div class=\"vatican-news\"  >\n    \n            <h2 class='vnews-h'>\n            <a href='https:\/\/www.vaticannews.va\/' class='vnews-h-a'>\n                Vatican News\n            <\/a><\/h2>    <ul class=\"vnews-h\">\n    <li class='vnews-li'>\n        <a href='https:\/\/www.vaticannews.va\/pl\/watykan\/news\/2026-04\/watykan-oglasza-nowe-etapy-synodu-rodzina-w-centrum.html' target='_blank' class='vnews-li-a'>Watykan og\u0142asza nowe etapy Synodu: Rodzina w centrum<\/a> \n        <span class='vanews-date'>(2026-04-21 10:06)<\/span>\n        <\/li><li class='vnews-li'>\n        <a href='https:\/\/www.vaticannews.va\/pl\/watykan\/news\/2026-04\/papiez-franciszek-rocznica-smierci-slowa-do-polakow.html' target='_blank' class='vnews-li-a'>Rok bez Franciszka: S\u0142owa do Polak\u00f3w, kt\u00f3re wci\u0105\u017c \u017cyj\u0105<\/a> \n        <span class='vanews-date'>(2026-04-21 09:05)<\/span>\n        <\/li><li class='vnews-li'>\n        <a href='https:\/\/www.vaticannews.va\/pl\/watykan\/news\/2026-04\/rocznica-smierci-papieza-franciszka-dom-sw-marty.html' target='_blank' class='vnews-li-a'>Msza w Domu \u015awi\u0119tej Marty w rocznic\u0119 \u015bmierci papie\u017ca Franciszka<\/a> \n        <span class='vanews-date'>(2026-04-21 08:06)<\/span>\n        <\/li><li class='vnews-li'>\n        <a href='https:\/\/www.vaticannews.va\/pl\/kosciol\/news\/2026-04\/profanacja-krzyza-przez-zolnierza-izraelskiego.html' target='_blank' class='vnews-li-a'>Kard. Pizzaballa pot\u0119pia profanacj\u0119 krucyfiksu przez \u017co\u0142nierza izraelskiego<\/a> \n        <span class='vanews-date'>(2026-04-21 07:42)<\/span>\n        <\/li><li class='vnews-li'>\n        <a href='https:\/\/www.vaticannews.va\/pl\/papiez\/news\/2026-04\/leon-xiv-podroz-apostolska-afryka-gwinea-rownikowa.html' target='_blank' class='vnews-li-a'>Leon XIV dzi\u015b udaje si\u0119 z Angoli do Gwinei R\u00f3wnikowej<\/a> \n        <span class='vanews-date'>(2026-04-21 06:57)<\/span>\n        <\/li><li class='vnews-li'>\n        <a href='https:\/\/www.vaticannews.va\/pl\/papiez\/news\/2026-04\/osmy-dzien-papieza-w-afryce-angolo-wnos-wklad-w-sprawiedliwosc.html' target='_blank' class='vnews-li-a'>\u00d3smy dzie\u0144 Papie\u017ca w Afryce: Angolo, wno\u015b wk\u0142ad w sprawiedliwo\u015b\u0107 i pok\u00f3j<\/a> \n        <span class='vanews-date'>(2026-04-20 21:29)<\/span>\n        <\/li><li class='vnews-li'>\n        <a href='https:\/\/www.vaticannews.va\/pl\/papiez\/news\/2026-04\/swiadectwa-konsekrowanych-na-spotkaniu-z-leonem-xiv-w-luandzie.html' target='_blank' class='vnews-li-a'>\u201eKomandosi ewangelizacji\u201d spotkali si\u0119 z Leonem XIV<\/a> \n        <span class='vanews-date'>(2026-04-20 20:15)<\/span>\n        <\/li><li class='vnews-li'>\n        <a href='https:\/\/www.vaticannews.va\/pl\/papiez\/news\/2026-04\/leon-xiv-spotkanie-z-duchowienstwem-w-luandzie-angola.html' target='_blank' class='vnews-li-a'>Leon XIV do konsekrowanych: b\u0105d\u017acie ofiarni, b\u0105d\u017acie jedno\u015bci\u0105<\/a> \n        <span class='vanews-date'>(2026-04-20 19:30)<\/span>\n        <\/li><li class='vnews-li'>\n        <a href='https:\/\/www.vaticannews.va\/pl\/swiat\/news\/2026-04\/trypryk-rzymski-jan-pawel-ii-spektakl-w-rzymie-trastevere.html' target='_blank' class='vnews-li-a'>\u201eJan Pawe\u0142 II. Tryptyk Rzymski: Medytacje\u201d: spektakl na podstawie dzie\u0142a Papie\u017ca<\/a> \n        <span class='vanews-date'>(2026-04-20 18:24)<\/span>\n        <\/li><li class='vnews-li'>\n        <a href='https:\/\/www.vaticannews.va\/pl\/papiez\/news\/2026-04\/podsumowanie-kamerunu-abp-fuanya.html' target='_blank' class='vnews-li-a'>Abp Fuanya: w Kamerunie \u201ema\u0142y cud\u201d Leona XIV<\/a> \n        <span class='vanews-date'>(2026-04-20 16:56)<\/span>\n        <\/li>    <\/ul>\n<\/div>\n<br>\n\n\n\t\t\t\t\t\t\n\n\n\n<h3 class=\"wp-block-heading\">Polecane strony<\/h3>\n\n\n\n<div class=\"wp-block-columns alignwide is-layout-flex wp-container-core-columns-is-layout-9d6595d7 wp-block-columns-is-layout-flex\">\n<div class=\"wp-block-column is-layout-flow wp-block-column-is-layout-flow\">\n<ul class=\"wp-block-list\">\n<li><br>          <a href=\"https:\/\/diecezja.rzeszow.pl\/\" target=\"_blank\" rel=\"noreferrer noopener\">Diecezja Rzeszowska<\/a><br><figure><a href=\"https:\/\/diecezja.rzeszow.pl\/\" target=\"_blank\" rel=\"noreferrer noopener\"><img loading=\"lazy\" decoding=\"async\" width=\"368\" height=\"110\" class=\"wp-image-436\" style=\"width: 300px\" src=\"https:\/\/parafia.przybowka.pl\/wp-content\/uploads\/2020\/09\/logo_diecezja_rzeszow.jpg\" alt=\"\" srcset=\"https:\/\/parafia.przybowka.pl\/wp-content\/uploads\/2020\/09\/logo_diecezja_rzeszow.jpg 368w, https:\/\/parafia.przybowka.pl\/wp-content\/uploads\/2020\/09\/logo_diecezja_rzeszow-300x90.jpg 300w\" sizes=\"auto, (max-width: 368px) 100vw, 368px\" \/><\/a><\/figure><br><br><br>        <\/li>\n\n\n\n<li><br>          <a href=\"http:\/\/www.rodzina.diecezja.rzeszow.pl\/\" target=\"_blank\" rel=\"noreferrer noopener\">Rodzina Diecezja Rzesz\u00f3w<\/a><br><figure><a href=\"http:\/\/www.rodzina.diecezja.rzeszow.pl\/\" target=\"_blank\" rel=\"noreferrer noopener\"><img loading=\"lazy\" decoding=\"async\" width=\"172\" height=\"180\" class=\"wp-image-446\" style=\"width: 150px\" src=\"https:\/\/parafia.przybowka.pl\/wp-content\/uploads\/2020\/09\/logo_rodzina_diecezja.png\" alt=\"\"><\/a><\/figure><br><br><br>        <\/li>\n\n\n\n<li><br>          <a href=\"https:\/\/episkopat.pl\/\" target=\"_blank\" rel=\"noreferrer noopener\">Episkopat<\/a><br><figure><a href=\"https:\/\/episkopat.pl\/\" target=\"_blank\" rel=\"noreferrer noopener\"><img loading=\"lazy\" decoding=\"async\" width=\"300\" height=\"40\" class=\"wp-image-440\" style=\"width: 300px\" src=\"https:\/\/parafia.przybowka.pl\/wp-content\/uploads\/2020\/09\/logo_kep.jpg\" alt=\"\"><\/a><\/figure><br><br><br>        <\/li>\n\n\n\n<li><br>          <a href=\"https:\/\/www.niedziela.pl\/\" target=\"_blank\" rel=\"noreferrer noopener\">Niedziela.pl<\/a><br><figure><a href=\"https:\/\/www.niedziela.pl\/\" target=\"_blank\" rel=\"noreferrer noopener\"><img loading=\"lazy\" decoding=\"async\" width=\"317\" height=\"72\" class=\"wp-image-442\" style=\"width: 300px\" src=\"https:\/\/parafia.przybowka.pl\/wp-content\/uploads\/2020\/09\/logo_niedziela.jpg\" alt=\"\" srcset=\"https:\/\/parafia.przybowka.pl\/wp-content\/uploads\/2020\/09\/logo_niedziela.jpg 317w, https:\/\/parafia.przybowka.pl\/wp-content\/uploads\/2020\/09\/logo_niedziela-300x68.jpg 300w\" sizes=\"auto, (max-width: 317px) 100vw, 317px\" \/><\/a><\/figure><br><br><br>        <\/li>\n\n\n\n<li><br>          <a href=\"https:\/\/tv.niedziela.pl\/\" target=\"_blank\" rel=\"noreferrer noopener\">Niedziela TV<\/a><br><figure><a href=\"https:\/\/tv.niedziela.pl\/\" target=\"_blank\" rel=\"noreferrer noopener\"><img decoding=\"async\" class=\"wp-image-442\" style=\"width: 300px\" src=\"https:\/\/parafia.przybowka.pl\/wp-content\/uploads\/2021\/12\/niedzielatv.png\" alt=\"\"><\/a><\/figure><br><br><br>        <\/li>\n\n\n\n<li><br>          <a href=\"https:\/\/www.vaticannews.va\/pl.html\" target=\"_blank\" rel=\"noreferrer noopener\">Vaticannews.va<\/a><br><figure><a href=\"https:\/\/www.vaticannews.va\/pl.html\" target=\"_blank\" rel=\"noreferrer noopener\"><img loading=\"lazy\" decoding=\"async\" width=\"384\" height=\"124\" class=\"wp-image-454\" style=\"width: 300px\" src=\"https:\/\/parafia.przybowka.pl\/wp-content\/uploads\/2020\/09\/logo_vatican.jpg\" alt=\"\" srcset=\"https:\/\/parafia.przybowka.pl\/wp-content\/uploads\/2020\/09\/logo_vatican.jpg 384w, https:\/\/parafia.przybowka.pl\/wp-content\/uploads\/2020\/09\/logo_vatican-300x97.jpg 300w\" sizes=\"auto, (max-width: 384px) 100vw, 384px\" \/><\/a><\/figure><br><br><br>        <\/li>\n\n\n\n<li><br>          <a href=\"https:\/\/radiovia.com.pl\/\" target=\"_blank\" rel=\"noreferrer noopener\">Radio Via<\/a><br><figure><a href=\"https:\/\/radiovia.com.pl\/\" target=\"_blank\" rel=\"noreferrer noopener\"><img loading=\"lazy\" decoding=\"async\" width=\"167\" height=\"79\" class=\"wp-image-445\" style=\"width: 300px\" src=\"https:\/\/parafia.przybowka.pl\/wp-content\/uploads\/2020\/09\/logo_radiovia.jpg\" alt=\"\"><\/a><\/figure><br><br>        <\/li>\n\n\n\n<li><br>          <a href=\"https:\/\/www.radiomaryja.pl\/\" target=\"_blank\" rel=\"noreferrer noopener\">Radio Maryja<\/a><br><figure><a href=\"https:\/\/www.radiomaryja.pl\/\" target=\"_blank\" rel=\"noreferrer noopener\"><img loading=\"lazy\" decoding=\"async\" width=\"500\" height=\"221\" class=\"wp-image-444\" style=\"width: 300px\" src=\"https:\/\/parafia.przybowka.pl\/wp-content\/uploads\/2020\/09\/logo_radiomaryja.png\" alt=\"\" srcset=\"https:\/\/parafia.przybowka.pl\/wp-content\/uploads\/2020\/09\/logo_radiomaryja.png 500w, https:\/\/parafia.przybowka.pl\/wp-content\/uploads\/2020\/09\/logo_radiomaryja-300x133.png 300w\" sizes=\"auto, (max-width: 500px) 100vw, 500px\" \/><\/a><\/figure><br><br><br>        <\/li>\n\n\n\n<li><br>          <a href=\"http:\/\/caritas.rzeszow.pl\/\" target=\"_blank\" rel=\"noreferrer noopener\">Caritas Rzesz\u00f3w<\/a><br><figure><a href=\"http:\/\/caritas.rzeszow.pl\/\" target=\"_blank\" rel=\"noreferrer noopener\"><img loading=\"lazy\" decoding=\"async\" width=\"1800\" height=\"300\" class=\"wp-image-435\" style=\"width: 300px\" src=\"https:\/\/parafia.przybowka.pl\/wp-content\/uploads\/2020\/09\/logo_caritas.jpg\" alt=\"\" srcset=\"https:\/\/parafia.przybowka.pl\/wp-content\/uploads\/2020\/09\/logo_caritas.jpg 1800w, https:\/\/parafia.przybowka.pl\/wp-content\/uploads\/2020\/09\/logo_caritas-300x50.jpg 300w, https:\/\/parafia.przybowka.pl\/wp-content\/uploads\/2020\/09\/logo_caritas-1024x171.jpg 1024w, https:\/\/parafia.przybowka.pl\/wp-content\/uploads\/2020\/09\/logo_caritas-768x128.jpg 768w, https:\/\/parafia.przybowka.pl\/wp-content\/uploads\/2020\/09\/logo_caritas-1536x256.jpg 1536w\" sizes=\"auto, (max-width: 1800px) 100vw, 1800px\" \/><\/a><\/figure><br><br><br>        <\/li>\n\n\n\n<li><br>          <a href=\"https:\/\/spprzybowka.edupage.org\/\" target=\"_blank\" rel=\"noreferrer noopener\">SP Przyb\u00f3wka<\/a><br><figure><a href=\"https:\/\/spprzybowka.edupage.org\/\" target=\"_blank\" rel=\"noreferrer noopener\"><img loading=\"lazy\" decoding=\"async\" width=\"309\" height=\"107\" class=\"wp-image-447\" style=\"width: 300px\" src=\"https:\/\/parafia.przybowka.pl\/wp-content\/uploads\/2020\/09\/logo_szkola.jpg\" alt=\"\" srcset=\"https:\/\/parafia.przybowka.pl\/wp-content\/uploads\/2020\/09\/logo_szkola.jpg 309w, https:\/\/parafia.przybowka.pl\/wp-content\/uploads\/2020\/09\/logo_szkola-300x104.jpg 300w\" sizes=\"auto, (max-width: 309px) 100vw, 309px\" \/><\/a><\/figure><br>        <\/li>\n<\/ul>\n<\/div>\n\n\n\n<div class=\"wp-block-column is-layout-flow wp-block-column-is-layout-flow\">\n<ul class=\"wp-block-list\">\n<li><br>          <a href=\"https:\/\/www.ecmentarze.pl\/parafia\/przybowka\" target=\"_blank\" rel=\"noreferrer noopener\">Interaktywna mapa cmentarza<\/a><br><figure><a href=\"https:\/\/www.ecmentarze.pl\/parafia\/przybowka\" target=\"_blank\" rel=\"noreferrer noopener\"><img decoding=\"async\" class=\"wp-image-447\" style=\"width: 300px\" src=\"https:\/\/parafia.przybowka.pl\/wp-content\/uploads\/2022\/08\/logo_ecmentarze.png\" alt=\"\"><\/a><\/figure><br>        <\/li>\n\n\n\n<li><br>          <a href=\"https:\/\/tv-trwam.pl\/\" target=\"_blank\" rel=\"noreferrer noopener\">TV Trwam<\/a><br><figure><a href=\"https:\/\/tv-trwam.pl\/\" target=\"_blank\" rel=\"noreferrer noopener\"><img decoding=\"async\" class=\"wp-image-441\" style=\"width: 300px\" src=\"https:\/\/parafia.przybowka.pl\/wp-content\/uploads\/2026\/03\/logo_tv_trwam.png\" alt=\"\"><\/a><\/figure><br><br>        <\/li>\n\n\n\n<li><br>          <a href=\"http:\/\/www.lumentv.pl\/\" target=\"_blank\" rel=\"noreferrer noopener\">Lumen.tv<\/a><br><figure><a href=\"http:\/\/www.lumentv.pl\/\" target=\"_blank\" rel=\"noreferrer noopener\"><img loading=\"lazy\" decoding=\"async\" width=\"250\" height=\"147\" class=\"wp-image-441\" style=\"width: 300px\" src=\"https:\/\/parafia.przybowka.pl\/wp-content\/uploads\/2020\/09\/logo_lumen.png\" alt=\"\"><\/a><\/figure><br><br>        <\/li>\n\n\n\n<li><br>          <a href=\"https:\/\/www.biblijni.pl\/\" target=\"_blank\" rel=\"noreferrer noopener\">Biblijni.pl<\/a><br><figure><a href=\"https:\/\/www.biblijni.pl\/\" target=\"_blank\" rel=\"noreferrer noopener\"><img loading=\"lazy\" decoding=\"async\" width=\"269\" height=\"183\" class=\"wp-image-434\" style=\"width: 300px\" src=\"https:\/\/parafia.przybowka.pl\/wp-content\/uploads\/2020\/09\/logo_biblijni.png\" alt=\"\"><\/a><\/figure><br><br>        <\/li>\n\n\n\n<li><br>          <a href=\"http:\/\/www.katolik.pl\" target=\"_blank\" rel=\"noreferrer noopener\">Katolik.pl<\/a><br><figure><a href=\"http:\/\/www.katolik.pl\" target=\"_blank\" rel=\"noreferrer noopener\"><img loading=\"lazy\" decoding=\"async\" width=\"250\" height=\"82\" class=\"wp-image-439\" style=\"width: 300px\" src=\"https:\/\/parafia.przybowka.pl\/wp-content\/uploads\/2020\/09\/logo_katolik.gif\" alt=\"\"><\/a><\/figure><br><br><br>        <\/li>\n\n\n\n<li><br>          <a href=\"http:\/\/www.wiara.pl\" target=\"_blank\" rel=\"noreferrer noopener\">Wiara.pl<\/a><br><figure><a href=\"http:\/\/www.wiara.pl\" target=\"_blank\" rel=\"noreferrer noopener\"><img loading=\"lazy\" decoding=\"async\" width=\"233\" height=\"66\" class=\"wp-image-449\" style=\"width: 300px\" src=\"https:\/\/parafia.przybowka.pl\/wp-content\/uploads\/2020\/09\/logo_wiara.jpg\" alt=\"\"><\/a><\/figure><br><br><br>        <\/li>\n\n\n\n<li><br>          <a href=\"http:\/\/www.opoka.org.pl\" target=\"_blank\" rel=\"noreferrer noopener\">Opoka.org.pl<\/a><br><figure><a href=\"http:\/\/www.opoka.org.pl\" target=\"_blank\" rel=\"noreferrer noopener\"><img loading=\"lazy\" decoding=\"async\" width=\"163\" height=\"68\" class=\"wp-image-443\" style=\"width: 300px\" src=\"https:\/\/parafia.przybowka.pl\/wp-content\/uploads\/2020\/09\/logo_opoka.png\" alt=\"\"><\/a><\/figure><br><br><br>        <\/li>\n\n\n\n<li><br>          <a href=\"http:\/\/www.kai.pl\" target=\"_blank\" rel=\"noreferrer noopener\">Kai.pl<\/a><br><figure><a href=\"http:\/\/www.kai.pl\" target=\"_blank\" rel=\"noreferrer noopener\"><img loading=\"lazy\" decoding=\"async\" width=\"524\" height=\"250\" class=\"wp-image-438\" style=\"width: 300px\" src=\"https:\/\/parafia.przybowka.pl\/wp-content\/uploads\/2020\/09\/logo_kai.png\" alt=\"\" srcset=\"https:\/\/parafia.przybowka.pl\/wp-content\/uploads\/2020\/09\/logo_kai.png 524w, https:\/\/parafia.przybowka.pl\/wp-content\/uploads\/2020\/09\/logo_kai-300x143.png 300w\" sizes=\"auto, (max-width: 524px) 100vw, 524px\" \/><\/a><\/figure><br><br><br>        <\/li>\n<\/ul>\n<\/div>\n<\/div>\n","protected":false},"excerpt":{"rendered":"<p>Intencje Og\u0142oszenia Msze \u015bwi\u0119te Galerie fotografii w serwisie Pixieset Galeriezdj\u0119\u0107 Aktzawierzenia Ochronama\u0142oletnich Polecane strony<\/p>\n","protected":false},"author":1,"featured_media":63,"parent":0,"menu_order":0,"comment_status":"closed","ping_status":"closed","template":"","meta":{"_monsterinsights_skip_tracking":false,"_monsterinsights_sitenote_active":false,"_monsterinsights_sitenote_note":"","_monsterinsights_sitenote_category":0,"footnotes":""},"class_list":["post-12","page","type-page","status-publish","has-post-thumbnail"],"_links":{"self":[{"href":"https:\/\/parafia.przybowka.pl\/index.php\/wp-json\/wp\/v2\/pages\/12","targetHints":{"allow":["GET"]}}],"collection":[{"href":"https:\/\/parafia.przybowka.pl\/index.php\/wp-json\/wp\/v2\/pages"}],"about":[{"href":"https:\/\/parafia.przybowka.pl\/index.php\/wp-json\/wp\/v2\/types\/page"}],"author":[{"embeddable":true,"href":"https:\/\/parafia.przybowka.pl\/index.php\/wp-json\/wp\/v2\/users\/1"}],"replies":[{"embeddable":true,"href":"https:\/\/parafia.przybowka.pl\/index.php\/wp-json\/wp\/v2\/comments?post=12"}],"version-history":[{"count":87,"href":"https:\/\/parafia.przybowka.pl\/index.php\/wp-json\/wp\/v2\/pages\/12\/revisions"}],"predecessor-version":[{"id":2783,"href":"https:\/\/parafia.przybowka.pl\/index.php\/wp-json\/wp\/v2\/pages\/12\/revisions\/2783"}],"wp:featuredmedia":[{"embeddable":true,"href":"https:\/\/parafia.przybowka.pl\/index.php\/wp-json\/wp\/v2\/media\/63"}],"wp:attachment":[{"href":"https:\/\/parafia.przybowka.pl\/index.php\/wp-json\/wp\/v2\/media?parent=12"}],"curies":[{"name":"wp","href":"https:\/\/api.w.org\/{rel}","templated":true}]}}