{"id":150,"date":"2020-07-24T21:03:59","date_gmt":"2020-07-24T19:03:59","guid":{"rendered":"https:\/\/parafia.przybowka.pl\/?page_id=150"},"modified":"2026-03-19T19:48:57","modified_gmt":"2026-03-19T18:48:57","slug":"historia-powstania-kosciola-w-przybowce","status":"publish","type":"page","link":"https:\/\/parafia.przybowka.pl\/index.php\/o-parafii\/historia-powstania-kosciola-w-przybowce\/","title":{"rendered":"Historia powstania ko\u015bcio\u0142a w Przyb\u00f3wce"},"content":{"rendered":"\n<p>My\u015bl o zbudowaniu ko\u015bcio\u0142a w Przyb\u00f3wce nurtowa\u0142a jej mieszka\u0144c\u00f3w od bardzo dawna. Jak g\u0142osi legenda ko\u015bci\u00f3\u0142 mia\u0142 stan\u0105\u0107 w miejscu kapliczki ufundowanej przez dziedziczk\u0119, kt\u00f3ra akurat w tym miejscu spad\u0142a z konia, doznaj\u0105c kontuzji nogi. W dow\u00f3d wdzi\u0119czno\u015bci za to, \u017ce prze\u017cy\u0142a, \u015blubowa\u0142a wybudowanie ko\u015bcio\u0142a. Z niewiadomych przyczyn zbudowa\u0142a tylko kapliczk\u0119, kt\u00f3ra stoi po dzi\u015b dzie\u0144 na g\u00f3rce.<\/p>\n\n\n\n<p>\u017beby pisa\u0107 o budowie ko\u015bcio\u0142a w naszej wsi, nale\u017cy si\u0119gn\u0105\u0107 pami\u0119ci\u0105 do 1983 r. kiedy to ks. Kazimierz Brzyski&nbsp; \u00f3wczesny proboszcz parafii \u0141\u0119ki Strzy\u017cowskie, do kt\u00f3rej nale\u017ca\u0142a Przyb\u00f3wka zakupi\u0142 za ofiary z Kurii Biskupiej&nbsp; w Przemy\u015blu 29-arow\u0105 dzia\u0142k\u0119 w Przyb\u00f3wce w pobli\u017cu szko\u0142y za 250&nbsp;000 z\u0142. Podsun\u0105\u0142 on mieszka\u0144com Przyb\u00f3wki my\u015bl o wybudowaniu na tym placu kaplicy. Opinia ks. Biskupa Ignacego Tokarczuka by\u0142a pozytywna.<\/p>\n\n\n\n<p>Historycznym momentem dla Przybowian b\u0119d\u0105cym I etapem budowy ko\u015bcio\u0142a by\u0142 dzie\u0144 wstawienia na zakupionym placu Krzy\u017ca \u2013 by\u0142o to 4 pa\u017adziernika 1985 r. Zacz\u0119to gromadzi\u0107 materia\u0142y budowlane.<\/p>\n\n\n\n<p>Koncepcja budowy kaplicy upad\u0142a z chwil\u0105 przej\u0119cia przez Gmin\u0119 Wojasz\u00f3wka&nbsp; budynku starej szko\u0142y. II \u2013 etapem budowy ko\u015bcio\u0142a by\u0142y negocjacje delegacji wsi w sk\u0142adzie: so\u0142tys wsi Tadeusz Stefanik, dyrektor SP Krystyna Chmura, Zofia Potyra\u0142a i naczelnik miejscowej OSP Stanis\u0142aw Betlej z Kuratorem&nbsp; O\u015bwiaty Eugeniuszem Dryk\u0105 na temat adaptacji budynku szko\u0142y pod ko\u015bci\u00f3\u0142. Pierwszym warunkiem przekazania budynku starej szko\u0142y na ten cel mia\u0142a by\u0107 uchwa\u0142a zebrania wiejskiego, kt\u00f3re odby\u0142o si\u0119 20 stycznia 1991 r. III \u2013 ci etap budowy ko\u015bcio\u0142a to zawi\u0105zanie si\u0119 Komitetu Budowy Ko\u015bcio\u0142a&nbsp; 25 marca 1991 r. na zebraniu og\u00f3lnowiejskim. Przewodnicz\u0105cym Komitetu Budowy Ko\u015bcio\u0142a&nbsp; zosta\u0142 Tadeusz Stefanik, za\u015b sekretarzem i protokolantem zosta\u0142a Krystyna Chmura, funkcji skarbnika podj\u0119\u0142a si\u0119 Zofia Potyra\u0142a. Mieszka\u0144cy wsi zadeklarowali wp\u0142at\u0119 100 000 z\u0142 w dw\u00f3ch ratach do grudnia tego roku i w latach nast\u0119pnych. IV etap budowy ko\u015bcio\u0142a to akceptacja koncepcji budowy \u015bwi\u0105tyni na murach starej szko\u0142y przez Kuri\u0119 Biskupi\u0105 w Przemy\u015blu w dniu 17 kwietnia 1991 r., kiedy to delegacja z Kurii ocenia\u0142a sytuacj\u0119 na miejscu. Projekt ko\u015bcio\u0142a przygotowa\u0142 in\u017c. M. Krukierek. Kolejny, V etap rozpocz\u0105\u0142 si\u0119 14 maja1991 r. rozbi\u00f3rk\u0105 budynku starej szko\u0142y i budow\u0105 fundament\u00f3w pod prezbiterium, zakrysti\u0119&nbsp; oraz schody. Pracowa\u0142o w\u00f3wczas ponad 50 os\u00f3b. Prace murarskie rozpocz\u0119\u0142y si\u0119 8 lipca 1991 r. Mieszka\u0144cy ochoczo przychodzili do pracy. Prace posuwa\u0142y si\u0119 bardzo szybko. VI etap to wmurowanie aktu erekcyjnego podczas uroczystej Eucharystii&nbsp; z udzia\u0142em ks. biskupa Edwarda Bia\u0142og\u0142owskiego.<\/p>\n\n\n\n<p>Dalsze prace budowlane to: 3 XII 1991r. rozpocz\u0119cie prac przy budowie dachu przerwane ostrym atakiem zimy. Od 29 IV do 23 V 1992r. kontynuacja prac przy budowie dachu \u0142\u0105cznie z zamontowaniem wie\u017cy na dachu ko\u015bcio\u0142a 22 IV 1992r. VII etap to po\u015bwi\u0119cenie nowej \u015bwi\u0105tyni przez ks. Biskupa Kazimierza G\u00f3rnego w dniu 25 X 1992r. Ks. Biskup nie szcz\u0119dzi\u0142 pochwa\u0142 pod adresem Przewodnicz\u0105cego Budowy Ko\u015bcio\u0142a Tadeusza Stefanika, cz\u0142onk\u00f3w tego Komitetu i mieszka\u0144c\u00f3w wsi, \u017ce w niespe\u0142na 1,5 roku powsta\u0142a pi\u0119kna \u015bwi\u0105tynia. Sta\u0142o si\u0119 to dzi\u0119ki ofiarno\u015bci Przybowian i ich ci\u0119\u017ckiej pracy. VIII etap budowy ko\u015bcio\u0142a od po\u015bwi\u0119cenia budynku trwa po dzi\u015b dzie\u0144. Obejmuje on prace wyko\u0144czeniowe i remontowe, a oto wa\u017cniejsze z nich:<\/p>\n\n\n\n<ul class=\"wp-block-list\"><li>w grudniu 1993r. zamontowano \u0142awki w ko\u015bciele,<\/li><li>31 XII 1993r. po dziewi\u0119ciomiesi\u0119cznej batalii zatwierdzono dokumentacj\u0119 na cmentarz grzebalny,<\/li><li>luty 1995 r. zakupiono trzy dzwony: pierwszy 100 kg im. \u015bw. El\u017cbiety \u2013 fundatorzy Maria i&nbsp;Stanis\u0142aw Pomprowiczowie, drugi 220 kg im. \u015bw. Floriana oraz trzeci 350 kg im. Jana Paw\u0142a&nbsp;II&nbsp;\u2013 fundatorzy Kazimiera i Franciszek Witko\u015b,<\/li><li>kwiecie\u0144 1996 r. ogrodzenie cmentarza.<\/li><\/ul>\n\n\n\n<p>26 sierpnia 2000 r. Przyb\u00f3wka sta\u0142a si\u0119 Rektoratem p.w. &nbsp;\u015bw. Kazimierza Kr\u00f3lewicza i otrzyma\u0142a pierwszego rektora ks. Krzysztofa Mielca. Dwa lata p\u00f3\u017aniej 22 wrze\u015bnia 2002 r. odby\u0142a si\u0119 uroczysto\u015b\u0107 po\u015bwi\u0119cenia budynku parafialnego, kt\u00f3rej przewodzi\u0142 ks. bp Edward Bia\u0142og\u0142owski. Z tym dniem Przyb\u00f3wka z Rektoratu sta\u0142a si\u0119 samodzieln\u0105 Parafi\u0105. Pierwszym proboszczem zosta\u0142 wspomniany ks. Krzysztof Mielec , kt\u00f3ry&nbsp; 9 XI 2018 r. zmar\u0142 i spoczywa na cmentarzu parafialnym w Cmolasie. W\u015br\u00f3d&nbsp; ostatnio prze\u017cywanych&nbsp; wa\u017cnych&nbsp; wydarze\u0144 religijnych nale\u017cy wymieni\u0107 : nawiedzenie figury \u015bw. Micha\u0142a Archanio\u0142a z Gargano 1-2 III 2017 r. ; 25 rocznica po\u015bwi\u0119cenia ko\u015bcio\u0142a 22 X 2017 r. ; nawiedzenie obrazu Matki Bo\u017cej Patronki Robotnik\u00f3w Solidarno\u015bci&nbsp; 3-9 III 2019 r.<\/p>\n\n\n\n<p>Wielkim nak\u0142adem finansowym i ogromnym wysi\u0142kiem pracy r\u0105k parafian od dzieci po ludzi starszych wybudowano &nbsp;\u015bwi\u0105tyni\u0119, kt\u00f3ra dzi\u0119ki ofiarno\u015bci Przybowian i sponsor\u00f3w oraz staraniom nowego proboszcza &nbsp;ks. Grzegorza Wojnara pi\u0119knieje z dnia na dzie\u0144.<\/p>\n\n\n\n<p class=\"has-text-align-right\">Krystyna Chmura<\/p>\n","protected":false},"excerpt":{"rendered":"<p>My\u015bl o zbudowaniu ko\u015bcio\u0142a w Przyb\u00f3wce nurtowa\u0142a jej mieszka\u0144c\u00f3w od bardzo dawna. Jak g\u0142osi legenda ko\u015bci\u00f3\u0142 mia\u0142 stan\u0105\u0107 w miejscu&hellip;<\/p>\n<p> <a class=\"more-link\" href=\"https:\/\/parafia.przybowka.pl\/index.php\/o-parafii\/historia-powstania-kosciola-w-przybowce\/\">Dowiedz si\u0119 wi\u0119cej<\/a><\/p>\n","protected":false},"author":1,"featured_media":152,"parent":13,"menu_order":0,"comment_status":"closed","ping_status":"closed","template":"","meta":{"_monsterinsights_skip_tracking":false,"_monsterinsights_sitenote_active":false,"_monsterinsights_sitenote_note":"","_monsterinsights_sitenote_category":0,"footnotes":""},"class_list":["post-150","page","type-page","status-publish","has-post-thumbnail"],"_links":{"self":[{"href":"https:\/\/parafia.przybowka.pl\/index.php\/wp-json\/wp\/v2\/pages\/150","targetHints":{"allow":["GET"]}}],"collection":[{"href":"https:\/\/parafia.przybowka.pl\/index.php\/wp-json\/wp\/v2\/pages"}],"about":[{"href":"https:\/\/parafia.przybowka.pl\/index.php\/wp-json\/wp\/v2\/types\/page"}],"author":[{"embeddable":true,"href":"https:\/\/parafia.przybowka.pl\/index.php\/wp-json\/wp\/v2\/users\/1"}],"replies":[{"embeddable":true,"href":"https:\/\/parafia.przybowka.pl\/index.php\/wp-json\/wp\/v2\/comments?post=150"}],"version-history":[{"count":4,"href":"https:\/\/parafia.przybowka.pl\/index.php\/wp-json\/wp\/v2\/pages\/150\/revisions"}],"predecessor-version":[{"id":2774,"href":"https:\/\/parafia.przybowka.pl\/index.php\/wp-json\/wp\/v2\/pages\/150\/revisions\/2774"}],"up":[{"embeddable":true,"href":"https:\/\/parafia.przybowka.pl\/index.php\/wp-json\/wp\/v2\/pages\/13"}],"wp:featuredmedia":[{"embeddable":true,"href":"https:\/\/parafia.przybowka.pl\/index.php\/wp-json\/wp\/v2\/media\/152"}],"wp:attachment":[{"href":"https:\/\/parafia.przybowka.pl\/index.php\/wp-json\/wp\/v2\/media?parent=150"}],"curies":[{"name":"wp","href":"https:\/\/api.w.org\/{rel}","templated":true}]}}