{"id":181,"date":"2020-07-28T17:06:04","date_gmt":"2020-07-28T15:06:04","guid":{"rendered":"https:\/\/parafia.przybowka.pl\/?page_id=181"},"modified":"2020-07-28T17:06:04","modified_gmt":"2020-07-28T15:06:04","slug":"polityka-prywatnosci","status":"publish","type":"page","link":"https:\/\/parafia.przybowka.pl\/index.php\/polityka-prywatnosci\/","title":{"rendered":"Polityka prywatno\u015bci"},"content":{"rendered":"\n<h1 class=\"wp-block-heading\"><strong>Drogi U\u017cytkowniku!<\/strong><\/h1>\n\n\n\n<p>Niniejszy dokument prezentuje polityk\u0119 prywatno\u015bci serwisu internetowego Parafii Przyb\u00f3wka, dalej nazywanego Serwisem, dost\u0119pnego pod\u00a0adresem https:\/\/www.parafia.przybowka.pl\/. Serwis jest prowadzony\u00a0przez Parafi\u0119 Przyb\u00f3wka, dalej nazywan\u0105 Administratorem.<\/p>\n\n\n\n<p>Dbaj\u0105c o&nbsp;prywatno\u015b\u0107 u\u017cytkownik\u00f3w Serwisu, prezentujemy najwa\u017cniejsze informacje o&nbsp;zasadach przetwarzania przez&nbsp;nas danych osobowych u\u017cytkownik\u00f3w oraz&nbsp;plikach cookies, kt\u00f3re s\u0105 wykorzystywane przez&nbsp;nasz Serwis.<\/p>\n\n\n\n<h2 class=\"wp-block-heading\"><strong>Dane osobowe i&nbsp;prywatno\u015b\u0107<\/strong><\/h2>\n\n\n\n<p>Serwis nie&nbsp; oferuje opcji zak\u0142adania Kont U\u017cytkownik\u00f3w w&nbsp;celu skorzystanie z&nbsp;naszych us\u0142ug \u2013 wszystkie dane zawarte na&nbsp;stronie s\u0105 og\u00f3lnodost\u0119pne, bez&nbsp;potrzeby logowania. Loguj\u0105 si\u0119 do&nbsp;Serwisu tylko&nbsp;administrator i&nbsp;redaktorzy. Administratorem ich danych osobowych jest Administrator.&nbsp;W&nbsp;naszym Serwisie &nbsp;nie&nbsp;mo\u017cna r\u00f3wnie\u017c zostawia\u0107 komentarzy, st\u0105d nie&nbsp;s\u0105 gromadzone dane z&nbsp;nimi zwi\u0105zane. Nie&nbsp;ma r\u00f3wnie\u017c formularza kontaktowego.<\/p>\n\n\n\n<h2 class=\"wp-block-heading\"><strong>Ciasteczka<\/strong><\/h2>\n\n\n\n<p>Nasz Serwis, jak wi\u0119kszo\u015b\u0107 witryn internetowych, korzysta z&nbsp;tzw. plik\u00f3w cookies (ciasteczek). S\u0105 to&nbsp;niewielkie pliki, kt\u00f3re s\u0105 zapisywane w&nbsp;pami\u0119ci urz\u0105dzenia u\u017cytkownika (komputera, telefonu, itd.), m.in.&nbsp;w&nbsp;celu umo\u017cliwienia skorzystania z&nbsp;wszystkich&nbsp;funkcjonalno\u015bci Serwisu. Pliki cookies nie&nbsp;powoduj\u0105 zmian w&nbsp;ustawieniach urz\u0105dzenia u\u017cytkownika. Ponadto w&nbsp;ka\u017cdej chwili mo\u017cna je&nbsp; usun\u0105\u0107 \u2013 korzystaj\u0105c z&nbsp;odpowiednich opcji przegl\u0105darki. Korzystaj\u0105c z&nbsp;tych opcji mo\u017cna r\u00f3wnie\u017c blokowa\u0107 wykorzystanie&nbsp;plik\u00f3w cookies w&nbsp;przysz\u0142o\u015bci.<\/p>\n\n\n\n<p>W&nbsp;tym Serwisie ciasteczka wykorzystywane s\u0105 do&nbsp;cel\u00f3w statystycznych.<\/p>\n\n\n\n<p>Warunkiem dzia\u0142ania plik\u00f3w cookies jest ich akceptacja przez&nbsp;przegl\u0105dark\u0119 oraz&nbsp;nieusuwanie ich z&nbsp;dysku komputera. Je\u017celi U\u017cytkownik nie&nbsp;chce udost\u0119pni\u0107 plik\u00f3w cookies, powinien tak\u0105 opcj\u0119 wy\u0142\u0105czy\u0107 w&nbsp;przegl\u0105darce nim odwiedzi nasz portal. Nieudost\u0119pnienie plik\u00f3w cookies przez&nbsp;przegl\u0105dark\u0119, albo&nbsp;ich skasowanie, mo\u017cne powodowa\u0107 znaczne utrudnienia lub mo\u017ce nawet ca\u0142kowicie uniemo\u017cliwia\u0107 korzystanie z&nbsp;naszego portalu oraz&nbsp;forum \u2013 za&nbsp;co nie&nbsp;ponosimy odpowiedzialno\u015bci. Dlatego zalecamy mie\u0107 w\u0142\u0105czon\u0105 obs\u0142ug\u0119 plik\u00f3w cookies.<\/p>\n\n\n\n<p>Aby dowiedzie\u0107 si\u0119 jak zarz\u0105dza\u0107 plikami cookies, w&nbsp;tym jak wy\u0142\u0105czy\u0107 ich obs\u0142ug\u0119 w&nbsp;przegl\u0105darce, mo\u017cesz skorzysta\u0107 z&nbsp;pliku pomocy &nbsp;przegl\u0105darki. Z&nbsp;informacjami na&nbsp;ten temat mo\u017cna zapozna\u0107 si\u0119 wciskaj\u0105c klawisz F1 w&nbsp;przegl\u0105darce. Ponadto odpowiednie wskaz\u00f3wki mo\u017cna znale\u017a\u0107 na&nbsp;nast\u0119puj\u0105cych stronach, w&nbsp;zale\u017cno\u015bci od&nbsp;przegl\u0105darki, kt\u00f3ra&nbsp;jest u\u017cywana:<\/p>\n\n\n\n<ul class=\"wp-block-list\"><li><a href=\"https:\/\/support.mozilla.org\/pl\/kb\/W%C5%82%C4%85czanie%20i%20wy%C5%82%C4%85czanie%20obs%C5%82ugi%20ciasteczek\">Firefox<\/a><\/li><li><a href=\"https:\/\/support.google.com\/chrome\/answer\/95647?hl=plX\">Chrome<\/a><\/li><li><a href=\"https:\/\/support.apple.com\/kb\/PH5042?locale=en_US\">Safari<\/a><\/li><li><a href=\"http:\/\/windows.microsoft.com\/pl-pl\/windows-10\/edge-privacy-faq\">Internet Explorer \/ Microsoft Edge<\/a><\/li><\/ul>\n\n\n\n<p>Wi\u0119cej informacji o&nbsp;ciasteczkach mo\u017cna znale\u017a\u0107 w&nbsp;<a href=\"https:\/\/pl.wikipedia.org\/wiki\/HTTP_cookie\">Wikipedii<\/a><\/p>\n\n\n\n<h2 class=\"wp-block-heading\"><strong>&nbsp;Us\u0142ugi Zewn\u0119trzne<\/strong><\/h2>\n\n\n\n<p>W&nbsp;celu zapewnienia jak najlepszego funkcjonowania Serwisu zosta\u0142 on zintegrowany z&nbsp;us\u0142ug\u0105 analizuj\u0105c\u0105 ruch u\u017cytkownik\u00f3w w&nbsp;serwisie Google Analitics. Us\u0142ug\u0119 t\u0119&nbsp; wykorzystujemy do&nbsp;cel\u00f3w statystycznych, co pomaga nam lepiej dostosowa\u0107 Serwis do&nbsp;potrzeb u\u017cytkownik\u00f3w.<\/p>\n\n\n\n<p>Z\u00a0polityk\u0105 prywatno\u015bci Google Analytics \u00a0mo\u017cesz zapozna\u0107 si\u0119 pod\u00a0tym adresem:<br><a href=\"http:\/\/www.google.com\/intl\/pl\/policies\/privacy\/\">http:\/\/www.google.com\/intl\/pl\/policies\/privacy\/<\/a><\/p>\n\n\n\n<h2 class=\"wp-block-heading\"><strong>Kontakt z&nbsp;Administratorem<\/strong><\/h2>\n\n\n\n<p>Je\u015bli u\u017cytkownik chcia\u0142by skorzysta\u0107 z\u00a0przys\u0142uguj\u0105cych mu uprawnie\u0144 dotycz\u0105cych jego danych osobowych, lub po\u00a0prostu chcia\u0142by zapyta\u0107 o\u00a0co\u015b zwi\u0105zanego z\u00a0nasz\u0105\u00a0Polityk\u0105 Prywatno\u015bci mo\u017ce napisa\u0107 na\u00a0adres e-mail:\u00a0<a href=\"mailto:parafia@przybowka.pl\">parafia@przybowka.pl<\/a>.<\/p>\n\n\n\n<p>Nasze dane kontaktowe:<\/p>\n\n\n\n<p>Parafia \u015bw. Kazimierza Kr\u00f3lewicza<br>Przyb\u00f3wka 218, 38-471 Wojasz\u00f3wka<\/p>\n\n\n\n<h2 class=\"wp-block-heading\">KLAUZULA INFORMACYJNA&nbsp;<\/h2>\n\n\n\n<p>Zgodnie z&nbsp;art. 8 ust. 1 Dekretu og\u00f3lnego w&nbsp;sprawie ochrony os\u00f3b fizycznych w&nbsp;zwi\u0105zku z&nbsp;przetwarzaniem danych osobowych w&nbsp;Ko\u015bciele katolickim wydanym przez&nbsp;Konferencj\u0119 Episkopatu Polski w&nbsp;dniu 13 marca 2018 r. (dalej: Dekret) informuj\u0119, \u017ce:<\/p>\n\n\n\n<ol class=\"wp-block-list\"><li>Administratorem Pani\/Pana danych osobowych jest Parafia p.w. \u015bw. Kazimierza Kr\u00f3lewicza w Przyb\u00f3wce z adresem Przyb\u00f3wka 218, 38-471 Wojasz\u00f3wka, reprezentowana przez Proboszcza Parafii Przyb\u00f3wka;<\/li><li>Inspektorem ochrony danych w\u00a0Diecezji Rzeszowskiej jest: (patrz ni\u017cej informacje o\u00a0Inspektorze Ochrony Danych Osobowych w\u00a0Diecezji Rzeszowskiej);<\/li><li>Pani\/Pana dane osobowe przetwarzane b\u0119d\u0105 w\u00a0celu zapewnienia bezpiecze\u0144stwa us\u0142ug, celu informacyjnym oraz\u00a0pomiar\u00f3w statystycznych;<\/li><li>Przetwarzanie danych jest niezb\u0119dne do\u00a0cel\u00f3w wynikaj\u0105cych z\u00a0prawnie uzasadnionych interes\u00f3w realizowanych przez\u00a0administratora lub przez\u00a0stron\u0119 trzeci\u0105, z\u00a0wyj\u0105tkiem sytuacji, w\u00a0kt\u00f3rych\u00a0nadrz\u0119dny charakter wobec tych interes\u00f3w maj\u0105 interesy lub podstawowe prawa i\u00a0wolno\u015bci osoby, kt\u00f3rej\u00a0dane dotycz\u0105, wymagaj\u0105ce ochrony danych osobowych, w\u00a0szczeg\u00f3lno\u015bci, gdy\u00a0osoba, kt\u00f3rej\u00a0dane dotycz\u0105, jest dzieckiem;<\/li><li>Odbiorc\u0105 Pani\/Pana danych osobowych jest Parafia Przyb\u00f3wka, Redaktor Strony internetowej oraz\u00a0Podmiot Przetwarzaj\u0105cy (firma hostingowa);<\/li><li>Pani\/Pana dane osobowe nie\u00a0b\u0119d\u0105 przekazywane do\u00a0publicznej ko\u015bcielnej osoby prawnej maj\u0105cej siedzib\u0119 poza terytorium Rzeczypospolitej Polskiej;<\/li><li>Pani\/Pana dane osobowe z\u00a0uwagi na\u00a0nasz uzasadniony interes b\u0119dziemy przetwarza\u0107 do\u00a0czasu ewentualnego zg\u0142oszenia przez\u00a0Pana\/Pani\u0105 skutecznego sprzeciwu;<\/li><li>posiada Pani\/Pan prawo dost\u0119pu do\u00a0tre\u015bci swoich danych oraz\u00a0prawo ich sprostowania, usuni\u0119cia lub ograniczenia przetwarzania zgodnie z\u00a0Dekretem;<\/li><li>Ma Pani\/Pan prawo wniesienia skargi do\u00a0Ko\u015bcielnego Inspektora Ochrony Danych, gdy\u00a0uzna Pani\/Pan, i\u017c przetwarzanie danych osobowych Pani\/Pana dotycz\u0105cych narusza przepisy Dekretu;<\/li><li>Przetwarzanie odbywa si\u0119 w\u00a0spos\u00f3b zautomatyzowany, ale\u00a0dane nie\u00a0b\u0119d\u0105 profilowane.\u00a0<\/li><\/ol>\n\n\n\n<figure class=\"wp-block-image size-large\"><img loading=\"lazy\" decoding=\"async\" width=\"300\" height=\"40\" src=\"https:\/\/parafia.przybowka.pl\/wp-content\/uploads\/2020\/07\/kep_logo.jpg\" alt=\"\" class=\"wp-image-183\"\/><\/figure>\n\n\n\n<p><strong>Ko\u015bcielny Inspektor Ochrony Danych<\/strong><br>ks. dr hab. Piotr Kroczek<br>Skwer kard. Stefana Wyszy\u0144skiego 6<br>01-015 Warszawa<br>e-mail: kiod@episkopat.pl<br>tel.: 22 530 48 00, 22 530 48 87<\/p>\n\n\n\n<figure class=\"wp-block-image size-large\"><img loading=\"lazy\" decoding=\"async\" width=\"368\" height=\"110\" src=\"https:\/\/parafia.przybowka.pl\/wp-content\/uploads\/2020\/07\/diecezja_rzeszow_logo.jpg\" alt=\"\" class=\"wp-image-182\" srcset=\"https:\/\/parafia.przybowka.pl\/wp-content\/uploads\/2020\/07\/diecezja_rzeszow_logo.jpg 368w, https:\/\/parafia.przybowka.pl\/wp-content\/uploads\/2020\/07\/diecezja_rzeszow_logo-300x90.jpg 300w\" sizes=\"auto, (max-width: 368px) 100vw, 368px\" \/><\/figure>\n\n\n\n<p><strong>Diecezjalny Inspektor Ochrony Danych<\/strong><br>ks. mgr lic. Tomasz Ga\u0142uszka<br>e-mail: diodo@diecezja.rzeszow.pl lub galuszka.tomasz@gmail.com<\/p>\n","protected":false},"excerpt":{"rendered":"<p>Drogi U\u017cytkowniku! Niniejszy dokument prezentuje polityk\u0119 prywatno\u015bci serwisu internetowego Parafii Przyb\u00f3wka, dalej nazywanego Serwisem, dost\u0119pnego pod\u00a0adresem https:\/\/www.parafia.przybowka.pl\/. Serwis jest prowadzony\u00a0przez&hellip;<\/p>\n<p> <a class=\"more-link\" href=\"https:\/\/parafia.przybowka.pl\/index.php\/polityka-prywatnosci\/\">Dowiedz si\u0119 wi\u0119cej<\/a><\/p>\n","protected":false},"author":1,"featured_media":0,"parent":0,"menu_order":0,"comment_status":"closed","ping_status":"closed","template":"","meta":{"_monsterinsights_skip_tracking":false,"_monsterinsights_sitenote_active":false,"_monsterinsights_sitenote_note":"","_monsterinsights_sitenote_category":0,"footnotes":""},"class_list":["post-181","page","type-page","status-publish"],"_links":{"self":[{"href":"https:\/\/parafia.przybowka.pl\/index.php\/wp-json\/wp\/v2\/pages\/181","targetHints":{"allow":["GET"]}}],"collection":[{"href":"https:\/\/parafia.przybowka.pl\/index.php\/wp-json\/wp\/v2\/pages"}],"about":[{"href":"https:\/\/parafia.przybowka.pl\/index.php\/wp-json\/wp\/v2\/types\/page"}],"author":[{"embeddable":true,"href":"https:\/\/parafia.przybowka.pl\/index.php\/wp-json\/wp\/v2\/users\/1"}],"replies":[{"embeddable":true,"href":"https:\/\/parafia.przybowka.pl\/index.php\/wp-json\/wp\/v2\/comments?post=181"}],"version-history":[{"count":1,"href":"https:\/\/parafia.przybowka.pl\/index.php\/wp-json\/wp\/v2\/pages\/181\/revisions"}],"predecessor-version":[{"id":184,"href":"https:\/\/parafia.przybowka.pl\/index.php\/wp-json\/wp\/v2\/pages\/181\/revisions\/184"}],"wp:attachment":[{"href":"https:\/\/parafia.przybowka.pl\/index.php\/wp-json\/wp\/v2\/media?parent=181"}],"curies":[{"name":"wp","href":"https:\/\/api.w.org\/{rel}","templated":true}]}}