{"id":199,"date":"2020-07-29T22:10:51","date_gmt":"2020-07-29T20:10:51","guid":{"rendered":"https:\/\/parafia.przybowka.pl\/?page_id=199"},"modified":"2024-06-05T19:42:22","modified_gmt":"2024-06-05T17:42:22","slug":"chrzest","status":"publish","type":"page","link":"https:\/\/parafia.przybowka.pl\/index.php\/informator\/chrzest\/","title":{"rendered":"Chrzest \u015awi\u0119ty"},"content":{"rendered":"\n<p><strong>Statuty I Synodu Diecezji Rzeszowskiej<br><\/strong><br>Statut 244<\/p>\n\n\n\n<p>Ludzie przez Chrzest wszczepieni w Chrystusa staj\u0105 si\u0119 Ludem Bo\u017cym, a otrzymawszy odpuszczenie wszystkich grzech\u00f3w, wyrwani z mocy ciemno\u015bci, zostaj\u0105 wyniesieni do stanu przybranych syn\u00f3w. Odradzaj\u0105c si\u0119 z wody i Ducha \u015awi\u0119tego, staj\u0105 si\u0119 nowym stworzeniem i przez to zostaj\u0105 nazwani synami Bo\u017cymi i s\u0105 nimi rzeczywi\u015bcie (por. 1 J 3,1).<\/p>\n\n\n\n<p>Statut 245<\/p>\n\n\n\n<p>Udzielanie Sakramentu Chrztu, kt\u00f3ry czyni cz\u0142owieka dzieckiem Bo\u017cym i cz\u0142onkiem wsp\u00f3lnoty Ko\u015bcio\u0142a, powinno by\u0107 przedmiotem szczeg\u00f3lnej troski nie tylko duszpasterzy, lecz tak\u017ce rodzic\u00f3w i chrzestnych (zob. Aneks, s. 237).<\/p>\n\n\n\n<p><strong>1. Chrzest dzieci<\/strong><\/p>\n\n\n\n<p>Statut 246<\/p>\n\n\n\n<p>\u00a7 1. Duszpasterze powinni cz\u0119sto przypomina\u0107 o znaczeniu Sakramentu Chrztu, kt\u00f3ry jest konieczny do zbawienia. Winni troszczy\u0107 si\u0119 o nale\u017cyte przygotowanie i pouczenie rodzic\u00f3w oraz chrzestnych dziecka, o znaczeniu tego sakramentu i o wynikaj\u0105cych z jego przyj\u0119cia obowi\u0105zkach (kan. 851, n. 2 KPK).<\/p>\n\n\n\n<p>\u00a7 2. Chrzest dziecka powinien by\u0107 prze\u017cyciem i wydarzeniem nie tylko dla rodziny i krewnych, ale dla ca\u0142ej wsp\u00f3lnoty parafialnej.<\/p>\n\n\n\n<p>Statut 247<\/p>\n\n\n\n<p>\u00a7 1. Zaleca si\u0119 praktyczn\u0105 i ustalon\u0105 tradycj\u0105 zasad\u0119 chrztu dzieci w parafii zamieszkania rodzic\u00f3w. Poza wypadkiem konieczno\u015bci, w\u0142a\u015bciwym miejscem Chrztu jest ko\u015bci\u00f3\u0142 lub kaplica. Nale\u017cy uwa\u017ca\u0107 za regu\u0142\u0119, \u017ce doros\u0142y ma przyjmowa\u0107 Chrzest we w\u0142asnym ko\u015bciele parafialnym, dziecko za\u015b w ko\u015bciele parafialnym jego rodzic\u00f3w, chyba, \u017ce co innego doradza s\u0142uszna przyczyna (kan. 857 KPK). Chrztu nie nale\u017cy udziela\u0107 w domach prywatnych, chyba, \u017ce ordynariusz miejsca zezwoli na to z powa\u017cnej przyczyny. Chrztu nie nale\u017cy udziela\u0107 w szpitalach, chyba, \u017ce zmusza do tego konieczno\u015b\u0107 lub inna racja duszpasterska (kan. 860 KPK).<\/p>\n\n\n\n<p>\u00a7 2. We wszystkich parafiach winny by\u0107 ustalone i podane do publicznej wiadomo\u015bci terminy sprawowania chrztu dzieci.<br>Z zasady maj\u0105 to by\u0107 niedziele, a tak\u017ce Wigilia Paschalna, ze wzgl\u0119du na paschalny charakter Chrztu. Sakramentu chrztu nale\u017cy udziela\u0107 podczas Mszy \u015bw., tak aby ca\u0142a wsp\u00f3lnota mog\u0142a bra\u0107 czynny i pe\u0142ny udzia\u0142 w obrz\u0119dzie i aby ja\u015bniej ukaza\u0107 zwi\u0105zek Chrztu z Eucharysti\u0105.<\/p>\n\n\n\n<p>Statut 248<\/p>\n\n\n\n<p>Rodzice dzieci maj\u0105cych przyj\u0105\u0107 Sakrament Chrztu i chrzestni powinni uczestniczy\u0107 w katechezie chrzcielnej w swoich parafiach. W parafiach du\u017cych katechezy przygotowuj\u0105ce do Chrztu nale\u017cy prowadzi\u0107 systematycznie co miesi\u0105c, a w parafiach mniejszych stosownie do potrzeb, zw\u0142aszcza przed \u015awi\u0119tami Wielkanocy i Bo\u017cego Narodzenia. Celem tych katechez powinno by\u0107 ukazanie istoty sakramentu Chrztu, przypomnienie konieczno\u015bci rozwijania i umacniania otrzymanego w nim \u017cycia Bo\u017cego oraz zapoznanie z liturgi\u0105 chrzcieln\u0105.<\/p>\n\n\n\n<p>Statut 249<\/p>\n\n\n\n<p>Duszpasterze powinni przypomina\u0107 wiernym, aby rodzice wybierali dla swoich dzieci przynajmniej jedno imi\u0119 \u015bwi\u0119tego patrona.<br>Statut 250<\/p>\n\n\n\n<p>\u00a7 l. O dopuszczeniu do Chrztu dzieci z rodzin religijnie oboj\u0119tnych lub zaniedbanych decyduje miejscowy proboszcz, maj\u0105c na uwadze \u015bwi\u0119to\u015b\u0107 sakramentu oraz zobowi\u0105zanie do wychowania w wierze dziecka ochrzczonego, zgodnie z kan. 868 KPK.<\/p>\n\n\n\n<p>\u00a7 2. Warunkiem Chrztu dziecka jest zdeklarowana wola rodzic\u00f3w lub jego prawnych opiekun\u00f3w wychowania dziecka po katolicku. W trudniejszych przypadkach (s\u0142abo\u015b\u0107 czy powik\u0142ania \u017cyciowe rodzic\u00f3w dziecka) wola ta, daj\u0105ca uzasadnion\u0105 nadziej\u0119 katolickiego wychowania, winna by\u0107 wyra\u017cona na pi\u015bmie.<\/p>\n\n\n\n<p>\u00a7 3. Dziecko rodzic\u00f3w katolickich, a nawet niekatolickich, znajduj\u0105ce si\u0119 w niebezpiecze\u0144stwie \u015bmierci, jest godziwie ochrzczone, nawet wbrew woli rodzic\u00f3w. (kan. 868 \u00a7 2 KPK)<\/p>\n\n\n\n<p>\u00a7 4. Dziecko podrzucone lub znalezione, je\u015bli po dok\u0142adnym zbadaniu nie ustali si\u0119 faktu jego chrztu nale\u017cy ochrzci\u0107 (kan. 870 KPK). P\u0142ody poronione nale\u017cy ochrzci\u0107, je\u015bli \u017cyj\u0105 i jest to mo\u017cliwe (kan. 871 KPK).<\/p>\n\n\n\n<p>Statut 251<\/p>\n\n\n\n<p>Chrzest dziecka powinien by\u0107 okazj\u0105 do pog\u0142\u0119bienia wiary rodzic\u00f3w oraz zach\u0119t\u0105 do zawarcia ma\u0142\u017ce\u0144stwa przez tych rodzic\u00f3w, kt\u00f3rzy mog\u0105 je zawrze\u0107, a \u017cyj\u0105 w zwi\u0105zku niesakramentalnym. Trosk\u0105 duszpastersk\u0105 nale\u017cy obj\u0105\u0107 tak\u017ce tych rodzic\u00f3w, kt\u00f3rzy z powodu istniej\u0105cych przeszk\u00f3d nie mog\u0105 zawrze\u0107 sakramentalnego zwi\u0105zku ma\u0142\u017ce\u0144skiego, wzywaj\u0105c ich do rodzinnej modlitwy, zach\u0119caj\u0105c do chrze\u015bcija\u0144skiego wychowania dzieci, do praktykowania pokuty i czyn\u00f3w mi\u0142osierdzia.<\/p>\n\n\n\n<p>Statut 252<\/p>\n\n\n\n<p>\u00a7 1. Istotnym zadaniem rodzic\u00f3w chrzestnych jest wspomaganie rodzic\u00f3w dziecka w trosce o doprowadzenie go do wyznawania wiary i wyra\u017cania jej \u017cyciem. Na chrzestnych nale\u017cy wybiera\u0107 osoby, kt\u00f3re mog\u0105 wype\u0142ni\u0107 to zadanie (kan. 872 KPK).<\/p>\n\n\n\n<p>\u00a7 2. Kandydaci na chrzestnych pochodz\u0105cy z innych parafii, winni przedstawi\u0107 stosowne za\u015bwiadczenie od w\u0142asnego proboszcza o zdolno\u015bci do pe\u0142nienia tej funkcji.<\/p>\n\n\n\n<p>Statut 253<\/p>\n\n\n\n<p>\u00a7 1. Fakt Chrztu, obejmuj\u0105cy dane okre\u015blone przepisami kan. 877 KPK, winien by\u0107 dok\u0142adnie i niezw\u0142ocznie odnotowany<br>w parafialnej ksi\u0119dze ochrzczonych, a jej kopie nale\u017cy co roku przekazywa\u0107 do Archiwum diecezjalnego w Rzeszowie. Dane nale\u017cy wpisywa\u0107 na podstawie dokument\u00f3w urz\u0119dowych (Odpis aktu urodzenia), a nie tylko na podstawie o\u015bwiadczenia rodzic\u00f3w b\u0105d\u017a prawnych opiekun\u00f3w.<\/p>\n\n\n\n<p>\u00a7 2. Je\u015bli idzie o dziecko zrodzone z matki niezam\u0119\u017cnej, nale\u017cy wpisa\u0107 nazwisko zgodnie z dokumentami cywilnymi. Nale\u017cy wpisa\u0107 tak\u017ce nazwisko ojca, gdy jego ojcostwo potwierdza jaki\u015b dokument publiczny. W pozosta\u0142ych wypadkach wpisuje si\u0119 ochrzczonego bez \u017cadnej wzmianki o ojcu lub rodzicach (kan. 877 \u00a7 2 KPK).<\/p>\n\n\n\n<p>\u00a7 3. W wypadku dziecka adoptowanego nale\u017cy wpisa\u0107 nazwiska adoptuj\u0105cych oraz, je\u015bli s\u0105 znane, nazwiska rodzic\u00f3w naturalnych zgodnie z brzmieniem jak w zupe\u0142nym akcie urodzenia (kan. 877 \u00a7 3 KPK).<\/p>\n\n\n\n<p>Statut 254<\/p>\n\n\n\n<p>Proboszczowie powinni zatroszczy\u0107 si\u0119, aby ka\u017cdy doros\u0142y parafianin umia\u0142 udzieli\u0107 Chrztu w niebezpiecze\u0144stwie \u015bmierci. Dotyczy to zw\u0142aszcza rodzic\u00f3w, po\u0142o\u017cnych, opiekun\u00f3w spo\u0142ecznych i piel\u0119gniarek. R\u00f3wnie\u017c katecheci niech pouczaj\u0105<br>o tym starsze dzieci w ramach katechizacji szkolnej.<br>Statut 255<\/p>\n\n\n\n<p>\u00a7 1. Zaleca si\u0119 obchodzenie rocznicy Chrztu. Szczeg\u00f3lnie uroczysty charakter powinno mie\u0107 odnowienie przyrzecze\u0144 chrzcielnych w liturgii Wigilii Paschalnej oraz w dniu pierwszej Komunii \u015bwi\u0119tej, a tak\u017ce przed przyj\u0119ciem bierzmowania.<\/p>\n\n\n\n<p>\u00a7 2. Imieniny s\u0105 dawnym zwyczajem, kt\u00f3ry pozwala obchodzi\u0107 pami\u0105tk\u0119 Chrztu w dniu patronalnego \u015bwi\u0119ta. Duszpasterze przy tej okazji powinni przypomina\u0107 o \u0142askach i zobowi\u0105zaniach p\u0142yn\u0105cych z przyj\u0119cia tego sakramentu i zach\u0119ca\u0107 do poznania swojego \u015bwi\u0119tego Patrona i jego sposobu na\u015bladowania Chrystusa.<\/p>\n\n\n\n<p><strong>2. Chrzest doros\u0142ych<br><\/strong><br>Statut 256<\/p>\n\n\n\n<p>\u00a7 1. Warunkami dopuszczenia doros\u0142ego do chrze\u015bcija\u0144skiego wtajemniczenia (Chrzest, Bierzmowanie i Eucharystia) s\u0105:<br>1. Wola przyj\u0119cia Chrztu.<br>2. Odpowiednie pouczenie o prawdach wiary i chrze\u015bcija\u0144skich obowi\u0105zkach.<br>3. Przej\u015bcie praktyki \u017cycia chrze\u015bcija\u0144skiego w katechumenacie (kan. 865 \u00a7 1 KPK).<\/p>\n\n\n\n<p>\u00a7 2. Na drodze katechumena do Chrztu, opr\u00f3cz okres\u00f3w poszukiwania i dojrzewania, istniej\u0105 trzy \u201estopnie\u201d, czyli etapy. Tym trzem stopniom odpowiadaj\u0105 trzy obrz\u0119dy liturgiczne: obrz\u0119d przyj\u0119cia do katechumenatu, wybranie kandydat\u00f3w do Chrztu i sprawowanie sakrament\u00f3w (Wprowadzenie teologiczne i pastoralne,<br>n. 6, w: Obrz\u0119dy chrze\u015bcija\u0144skiego wtajemniczenia doros\u0142ych dostosowane do zwyczaj\u00f3w diecezji polskich, Katowice 1988).<\/p>\n\n\n\n<p>Statut 257<\/p>\n\n\n\n<p>\u00a7 1. O Chrzcie tych, kt\u00f3rzy uko\u0144czyli czternasty rok \u017cycia, powinien by\u0107 powiadomiony Biskup diecezjalny, a\u017ceby, je\u015bli uzna to za wskazane, sam udzieli\u0142 Chrztu (kan. 863 KPK).<br>\u00a7 2. Obowi\u0105zkiem duszpasterzy jest przygotowanie doros\u0142ych do sakramentu Chrztu \u015bw. Mog\u0105 ten obowi\u0105zek wype\u0142ni\u0107 osobi\u015bcie lub kieruj\u0105c te osoby do Diecezjalnego O\u015brodka Katechumenalnego. (Wprowadzenie og\u00f3lne, n.12 i 13, w: Obrz\u0119dy chrze\u015bcija\u0144skiego wtajemniczenia doros\u0142ych dostosowane do zwyczaj\u00f3w diecezji polskich, Katowice 1988).<\/p>\n\n\n\n<p>\u00a7 3. Katechumenat w Diecezji rzeszowskiej trwa jeden rok. Ze wzgl\u0119du na szczeg\u00f3lne okoliczno\u015bci mo\u017ce by\u0107 skr\u00f3cony przez Biskupa diecezjalnego. (Wprowadzenie teologiczne i pastoralne, n. 20 i 44).<\/p>\n","protected":false},"excerpt":{"rendered":"<p>Statuty I Synodu Diecezji RzeszowskiejStatut 244 Ludzie przez Chrzest wszczepieni w Chrystusa staj\u0105 si\u0119 Ludem Bo\u017cym, a otrzymawszy odpuszczenie wszystkich&hellip;<\/p>\n<p> <a class=\"more-link\" href=\"https:\/\/parafia.przybowka.pl\/index.php\/informator\/chrzest\/\">Dowiedz si\u0119 wi\u0119cej<\/a><\/p>\n","protected":false},"author":1,"featured_media":202,"parent":197,"menu_order":9,"comment_status":"closed","ping_status":"closed","template":"","meta":{"_monsterinsights_skip_tracking":false,"_monsterinsights_sitenote_active":false,"_monsterinsights_sitenote_note":"","_monsterinsights_sitenote_category":0,"footnotes":""},"class_list":["post-199","page","type-page","status-publish","has-post-thumbnail"],"_links":{"self":[{"href":"https:\/\/parafia.przybowka.pl\/index.php\/wp-json\/wp\/v2\/pages\/199","targetHints":{"allow":["GET"]}}],"collection":[{"href":"https:\/\/parafia.przybowka.pl\/index.php\/wp-json\/wp\/v2\/pages"}],"about":[{"href":"https:\/\/parafia.przybowka.pl\/index.php\/wp-json\/wp\/v2\/types\/page"}],"author":[{"embeddable":true,"href":"https:\/\/parafia.przybowka.pl\/index.php\/wp-json\/wp\/v2\/users\/1"}],"replies":[{"embeddable":true,"href":"https:\/\/parafia.przybowka.pl\/index.php\/wp-json\/wp\/v2\/comments?post=199"}],"version-history":[{"count":3,"href":"https:\/\/parafia.przybowka.pl\/index.php\/wp-json\/wp\/v2\/pages\/199\/revisions"}],"predecessor-version":[{"id":205,"href":"https:\/\/parafia.przybowka.pl\/index.php\/wp-json\/wp\/v2\/pages\/199\/revisions\/205"}],"up":[{"embeddable":true,"href":"https:\/\/parafia.przybowka.pl\/index.php\/wp-json\/wp\/v2\/pages\/197"}],"wp:featuredmedia":[{"embeddable":true,"href":"https:\/\/parafia.przybowka.pl\/index.php\/wp-json\/wp\/v2\/media\/202"}],"wp:attachment":[{"href":"https:\/\/parafia.przybowka.pl\/index.php\/wp-json\/wp\/v2\/media?parent=199"}],"curies":[{"name":"wp","href":"https:\/\/api.w.org\/{rel}","templated":true}]}}