{"id":263,"date":"2020-08-26T21:41:44","date_gmt":"2020-08-26T19:41:44","guid":{"rendered":"https:\/\/parafia.przybowka.pl\/?page_id=263"},"modified":"2020-08-26T21:46:57","modified_gmt":"2020-08-26T19:46:57","slug":"hymn-do-sw-kazimierza","status":"publish","type":"page","link":"https:\/\/parafia.przybowka.pl\/index.php\/o-parafii\/hymn-do-sw-kazimierza\/","title":{"rendered":"Hymn do \u015bw. Kazimierza"},"content":{"rendered":"<p><em>Dostojny patronie Litwy,<\/em><br \/>\n<em>Pokrewny z cia\u0142a i ducha!<\/em><br \/>\n<em>Przygarnij nasze modlitwy,<\/em><br \/>\n<em>Niech je Pan niebios wys\u0142ucha.<\/em><br \/>\n<em>M\u00f3dl si\u0119 za nami do Boga,<\/em><br \/>\n<em>Niech grunt nie chybia swych plon\u00f3w,<\/em><br \/>\n<em>Niech g\u0142\u00f3d, pom\u00f3r i po\u017coga<\/em><br \/>\n<em>Nie dotknie ziem Palemon\u00f3w.<\/em><br \/>\n<em>Twa mod\u0142\u0105 ludu niech strze\u017ce<\/em><br \/>\n<em>I ziemi\u0119 dobrze ci znana;<\/em><\/p>\n<p style=\"font-size: 1.1em\">\n<em>B\u0142ogos\u0142aw miast naszych wie\u017ce<\/em><br \/>\n<em>I wiosek strzech\u0119 s\u0142omian\u0105.<\/em><br \/>\n<em>Co\u015b s\u0142awi\u0142 rzewnemi hymny<\/em><br \/>\n<em>\u015awi\u0119t\u0105 Dziewic\u0119 Maryj\u0105,<\/em><br \/>\n<em>Rozgrzej nam wiar\u0105 duch zimny,<\/em><br \/>\n<em>Niech serca pobo\u017cniej bij\u0105.<\/em><br \/>\n<em>Niech wiara b\u0119dzie zap\u0142at\u0105<\/em><br \/>\n<em>Prze\u017cegnanie Pa\u0144skiej d\u0142oni,<\/em><br \/>\n<em>Niech nas opieki swej szat\u0105<\/em><br \/>\n<em>Bogarodzica os\u0142oni.<\/em>\n<\/p>\n<p>&nbsp;<\/p>\n<p>Syrokomla W\u0142adys\u0142aw<\/p>\n","protected":false},"excerpt":{"rendered":"<p>Dostojny patronie Litwy, Pokrewny z cia\u0142a i ducha! Przygarnij nasze modlitwy, Niech je Pan niebios wys\u0142ucha. M\u00f3dl si\u0119 za nami&hellip;<\/p>\n<p> <a class=\"more-link\" href=\"https:\/\/parafia.przybowka.pl\/index.php\/o-parafii\/hymn-do-sw-kazimierza\/\">Dowiedz si\u0119 wi\u0119cej<\/a><\/p>\n","protected":false},"author":1,"featured_media":0,"parent":13,"menu_order":0,"comment_status":"closed","ping_status":"closed","template":"","meta":{"_monsterinsights_skip_tracking":false,"_monsterinsights_sitenote_active":false,"_monsterinsights_sitenote_note":"","_monsterinsights_sitenote_category":0,"footnotes":""},"class_list":["post-263","page","type-page","status-publish"],"_links":{"self":[{"href":"https:\/\/parafia.przybowka.pl\/index.php\/wp-json\/wp\/v2\/pages\/263","targetHints":{"allow":["GET"]}}],"collection":[{"href":"https:\/\/parafia.przybowka.pl\/index.php\/wp-json\/wp\/v2\/pages"}],"about":[{"href":"https:\/\/parafia.przybowka.pl\/index.php\/wp-json\/wp\/v2\/types\/page"}],"author":[{"embeddable":true,"href":"https:\/\/parafia.przybowka.pl\/index.php\/wp-json\/wp\/v2\/users\/1"}],"replies":[{"embeddable":true,"href":"https:\/\/parafia.przybowka.pl\/index.php\/wp-json\/wp\/v2\/comments?post=263"}],"version-history":[{"count":9,"href":"https:\/\/parafia.przybowka.pl\/index.php\/wp-json\/wp\/v2\/pages\/263\/revisions"}],"predecessor-version":[{"id":272,"href":"https:\/\/parafia.przybowka.pl\/index.php\/wp-json\/wp\/v2\/pages\/263\/revisions\/272"}],"up":[{"embeddable":true,"href":"https:\/\/parafia.przybowka.pl\/index.php\/wp-json\/wp\/v2\/pages\/13"}],"wp:attachment":[{"href":"https:\/\/parafia.przybowka.pl\/index.php\/wp-json\/wp\/v2\/media?parent=263"}],"curies":[{"name":"wp","href":"https:\/\/api.w.org\/{rel}","templated":true}]}}