{"id":2743,"date":"2026-03-19T15:57:15","date_gmt":"2026-03-19T14:57:15","guid":{"rendered":"https:\/\/parafia.przybowka.pl\/?page_id=2743"},"modified":"2026-03-23T22:02:50","modified_gmt":"2026-03-23T21:02:50","slug":"galerie-zdjec","status":"publish","type":"page","link":"https:\/\/parafia.przybowka.pl\/index.php\/o-parafii\/galerie-zdjec\/","title":{"rendered":"Galerie zdj\u0119\u0107"},"content":{"rendered":"\n<ul class=\"wp-block-list\">\n<li>Uroczysto\u015b\u0107 odpustowa 4 III 2026 r. po\u0142\u0105czona z zawierzeniem parafii Naj\u015bwi\u0119tszemu Sercu Pana Jezusa: <a href=\"https:\/\/photos.app.goo.gl\/1BKU5NeHiQdb9eN4A\" target=\"_blank\" rel=\"noreferrer noopener\">https:\/\/photos.app.goo.gl\/1BKU5NeHiQdb9eN4A<\/a><\/li>\n<\/ul>\n","protected":false},"excerpt":{"rendered":"","protected":false},"author":1,"featured_media":0,"parent":13,"menu_order":0,"comment_status":"closed","ping_status":"closed","template":"","meta":{"_monsterinsights_skip_tracking":false,"_monsterinsights_sitenote_active":false,"_monsterinsights_sitenote_note":"","_monsterinsights_sitenote_category":0,"footnotes":""},"class_list":["post-2743","page","type-page","status-publish"],"_links":{"self":[{"href":"https:\/\/parafia.przybowka.pl\/index.php\/wp-json\/wp\/v2\/pages\/2743","targetHints":{"allow":["GET"]}}],"collection":[{"href":"https:\/\/parafia.przybowka.pl\/index.php\/wp-json\/wp\/v2\/pages"}],"about":[{"href":"https:\/\/parafia.przybowka.pl\/index.php\/wp-json\/wp\/v2\/types\/page"}],"author":[{"embeddable":true,"href":"https:\/\/parafia.przybowka.pl\/index.php\/wp-json\/wp\/v2\/users\/1"}],"replies":[{"embeddable":true,"href":"https:\/\/parafia.przybowka.pl\/index.php\/wp-json\/wp\/v2\/comments?post=2743"}],"version-history":[{"count":6,"href":"https:\/\/parafia.przybowka.pl\/index.php\/wp-json\/wp\/v2\/pages\/2743\/revisions"}],"predecessor-version":[{"id":2784,"href":"https:\/\/parafia.przybowka.pl\/index.php\/wp-json\/wp\/v2\/pages\/2743\/revisions\/2784"}],"up":[{"embeddable":true,"href":"https:\/\/parafia.przybowka.pl\/index.php\/wp-json\/wp\/v2\/pages\/13"}],"wp:attachment":[{"href":"https:\/\/parafia.przybowka.pl\/index.php\/wp-json\/wp\/v2\/media?parent=2743"}],"curies":[{"name":"wp","href":"https:\/\/api.w.org\/{rel}","templated":true}]}}