{"id":882,"date":"2021-11-08T18:45:58","date_gmt":"2021-11-08T17:45:58","guid":{"rendered":"https:\/\/parafia.przybowka.pl\/?page_id=882"},"modified":"2021-11-08T18:50:58","modified_gmt":"2021-11-08T17:50:58","slug":"wspomnienie-50-lat-kaplanstwa-sp-ks-kazimierza-brzyskiego","status":"publish","type":"page","link":"https:\/\/parafia.przybowka.pl\/index.php\/o-parafii\/wspomnienie-50-lat-kaplanstwa-sp-ks-kazimierza-brzyskiego\/","title":{"rendered":"Wspomnienie 50 lat kap\u0142a\u0144stwa \u015bp. ks. Kazimierza Brzyskiego"},"content":{"rendered":"\n<p>Link do prezentacji &#8222;50 lat kap\u0142a\u0144stwa \u015bp. ks. Kazimierza Brzyskiego&#8221;:<\/p>\n\n\n\n<p><a rel=\"noreferrer noopener\" href=\"https:\/\/1drv.ms\/p\/s!Aqjyn3f72ulTgb1laD1vo9lorRx6HQ?e=dFlbVI\" target=\"_blank\">>>PREZENTACJA&lt;&lt;<\/a><\/p>\n","protected":false},"excerpt":{"rendered":"<p>Link do prezentacji &#8222;50 lat kap\u0142a\u0144stwa \u015bp. ks. Kazimierza Brzyskiego&#8221;: >>PREZENTACJA&lt;&lt;<\/p>\n","protected":false},"author":1,"featured_media":883,"parent":13,"menu_order":5,"comment_status":"closed","ping_status":"closed","template":"","meta":{"_monsterinsights_skip_tracking":false,"_monsterinsights_sitenote_active":false,"_monsterinsights_sitenote_note":"","_monsterinsights_sitenote_category":0,"footnotes":""},"class_list":["post-882","page","type-page","status-publish","has-post-thumbnail"],"_links":{"self":[{"href":"https:\/\/parafia.przybowka.pl\/index.php\/wp-json\/wp\/v2\/pages\/882","targetHints":{"allow":["GET"]}}],"collection":[{"href":"https:\/\/parafia.przybowka.pl\/index.php\/wp-json\/wp\/v2\/pages"}],"about":[{"href":"https:\/\/parafia.przybowka.pl\/index.php\/wp-json\/wp\/v2\/types\/page"}],"author":[{"embeddable":true,"href":"https:\/\/parafia.przybowka.pl\/index.php\/wp-json\/wp\/v2\/users\/1"}],"replies":[{"embeddable":true,"href":"https:\/\/parafia.przybowka.pl\/index.php\/wp-json\/wp\/v2\/comments?post=882"}],"version-history":[{"count":3,"href":"https:\/\/parafia.przybowka.pl\/index.php\/wp-json\/wp\/v2\/pages\/882\/revisions"}],"predecessor-version":[{"id":887,"href":"https:\/\/parafia.przybowka.pl\/index.php\/wp-json\/wp\/v2\/pages\/882\/revisions\/887"}],"up":[{"embeddable":true,"href":"https:\/\/parafia.przybowka.pl\/index.php\/wp-json\/wp\/v2\/pages\/13"}],"wp:featuredmedia":[{"embeddable":true,"href":"https:\/\/parafia.przybowka.pl\/index.php\/wp-json\/wp\/v2\/media\/883"}],"wp:attachment":[{"href":"https:\/\/parafia.przybowka.pl\/index.php\/wp-json\/wp\/v2\/media?parent=882"}],"curies":[{"name":"wp","href":"https:\/\/api.w.org\/{rel}","templated":true}]}}